{"id":75,"date":"2025-05-26T20:02:35","date_gmt":"2025-05-26T18:02:35","guid":{"rendered":"https:\/\/fahrwerke.com\/fdk\/?post_type=product&#038;p=75"},"modified":"2025-07-21T11:44:04","modified_gmt":"2025-07-21T09:44:04","slug":"schrauben-m-10x40-fuer-z-b-bremssattel-12-9-verzinkt-4-stueck","status":"publish","type":"product","link":"https:\/\/fahrwerke.com\/fdk\/produkt\/schrauben-m-10x40-fuer-z-b-bremssattel-12-9-verzinkt-4-stueck\/","title":{"rendered":"Schrauben M 10&#215;40 f\u00fcr z.B. Bremssattel 12.9 VERZINKT * 4 ST\u00dcCK *"},"content":{"rendered":"<p>4 hochfeste Schrauben M 10&#215;40 f\u00fcr z.B. Bremssattel<br \/>\nStahl 12.9 flZn\/TL480h &#8211; Zylinderschrauben Inbus<br \/>\nTL = Schmierstoff im Topcoat mit \u00b5 = 0,09 &#8211; 0,14,<br \/>\nKorrosionsbest\u00e4ndigkeit NSS: 480h RR,<br \/>\nChrom(VI)-frei<\/p>\n","protected":false},"excerpt":{"rendered":"<p>4 hochfeste Schrauben M 10&#215;40 f\u00fcr z.B. Bremssattel Stahl 12.9 flZn\/TL480h &#8211; Zylinderschrauben Inbus TL = Schmierstoff im Topcoat mit \u00b5 = 0,09 &#8211; 0,14, Korrosionsbest\u00e4ndigkeit NSS: 480h RR, Chrom(VI)-frei<\/p>\n","protected":false},"featured_media":76,"comment_status":"closed","ping_status":"closed","template":"","meta":{"advanced_seo_description":"","jetpack_seo_html_title":"","jetpack_seo_noindex":false},"product_brand":[],"product_cat":[17],"product_tag":[],"class_list":{"0":"post-75","1":"product","2":"type-product","3":"status-publish","4":"has-post-thumbnail","6":"product_cat-bremsen","8":"first","9":"instock","10":"taxable","11":"shipping-taxable","12":"purchasable","13":"product-type-simple"},"jetpack_sharing_enabled":true,"_links":{"self":[{"href":"https:\/\/fahrwerke.com\/fdk\/wp-json\/wp\/v2\/product\/75","targetHints":{"allow":["GET"]}}],"collection":[{"href":"https:\/\/fahrwerke.com\/fdk\/wp-json\/wp\/v2\/product"}],"about":[{"href":"https:\/\/fahrwerke.com\/fdk\/wp-json\/wp\/v2\/types\/product"}],"replies":[{"embeddable":true,"href":"https:\/\/fahrwerke.com\/fdk\/wp-json\/wp\/v2\/comments?post=75"}],"wp:featuredmedia":[{"embeddable":true,"href":"https:\/\/fahrwerke.com\/fdk\/wp-json\/wp\/v2\/media\/76"}],"wp:attachment":[{"href":"https:\/\/fahrwerke.com\/fdk\/wp-json\/wp\/v2\/media?parent=75"}],"wp:term":[{"taxonomy":"product_brand","embeddable":true,"href":"https:\/\/fahrwerke.com\/fdk\/wp-json\/wp\/v2\/product_brand?post=75"},{"taxonomy":"product_cat","embeddable":true,"href":"https:\/\/fahrwerke.com\/fdk\/wp-json\/wp\/v2\/product_cat?post=75"},{"taxonomy":"product_tag","embeddable":true,"href":"https:\/\/fahrwerke.com\/fdk\/wp-json\/wp\/v2\/product_tag?post=75"}],"curies":[{"name":"wp","href":"https:\/\/api.w.org\/{rel}","templated":true}]}}