{"id":71,"date":"2025-05-26T19:56:21","date_gmt":"2025-05-26T17:56:21","guid":{"rendered":"https:\/\/fahrwerke.com\/fdk\/?post_type=product&#038;p=71"},"modified":"2025-07-21T11:33:50","modified_gmt":"2025-07-21T09:33:50","slug":"porsche-944-adapter-handbremse-kaefer-umbau","status":"publish","type":"product","link":"https:\/\/fahrwerke.com\/fdk\/produkt\/porsche-944-adapter-handbremse-kaefer-umbau\/","title":{"rendered":"Porsche 944 Adapter Handbremse K\u00e4fer Umbau"},"content":{"rendered":"<p>Adapter Umbau Porsche Spreizschlo\u00df an Bremsseil K\u00e4fer rostfrei &#8211; sog. &#8222;Schw\u00e4ne&#8220;<\/p>\n<p>Lieferumfang 1 Paar (2 St\u00fcck)<\/p>\n","protected":false},"excerpt":{"rendered":"<p>Adapter Umbau Porsche Spreizschlo\u00df an Bremsseil K\u00e4fer rostfrei &#8211; sog. &#8222;Schw\u00e4ne&#8220; Lieferumfang 1 Paar (2 St\u00fcck)<\/p>\n","protected":false},"featured_media":323,"comment_status":"closed","ping_status":"closed","template":"","meta":{"advanced_seo_description":"","jetpack_seo_html_title":"","jetpack_seo_noindex":false},"product_brand":[21],"product_cat":[17],"product_tag":[],"class_list":{"0":"post-71","1":"product","2":"type-product","3":"status-publish","4":"has-post-thumbnail","6":"product_brand-21","7":"product_cat-bremsen","9":"first","10":"instock","11":"taxable","12":"shipping-taxable","13":"purchasable","14":"product-type-simple"},"jetpack_sharing_enabled":true,"_links":{"self":[{"href":"https:\/\/fahrwerke.com\/fdk\/wp-json\/wp\/v2\/product\/71","targetHints":{"allow":["GET"]}}],"collection":[{"href":"https:\/\/fahrwerke.com\/fdk\/wp-json\/wp\/v2\/product"}],"about":[{"href":"https:\/\/fahrwerke.com\/fdk\/wp-json\/wp\/v2\/types\/product"}],"replies":[{"embeddable":true,"href":"https:\/\/fahrwerke.com\/fdk\/wp-json\/wp\/v2\/comments?post=71"}],"wp:featuredmedia":[{"embeddable":true,"href":"https:\/\/fahrwerke.com\/fdk\/wp-json\/wp\/v2\/media\/323"}],"wp:attachment":[{"href":"https:\/\/fahrwerke.com\/fdk\/wp-json\/wp\/v2\/media?parent=71"}],"wp:term":[{"taxonomy":"product_brand","embeddable":true,"href":"https:\/\/fahrwerke.com\/fdk\/wp-json\/wp\/v2\/product_brand?post=71"},{"taxonomy":"product_cat","embeddable":true,"href":"https:\/\/fahrwerke.com\/fdk\/wp-json\/wp\/v2\/product_cat?post=71"},{"taxonomy":"product_tag","embeddable":true,"href":"https:\/\/fahrwerke.com\/fdk\/wp-json\/wp\/v2\/product_tag?post=71"}],"curies":[{"name":"wp","href":"https:\/\/api.w.org\/{rel}","templated":true}]}}