{"id":64,"date":"2025-05-26T19:45:42","date_gmt":"2025-05-26T17:45:42","guid":{"rendered":"https:\/\/fahrwerke.com\/fdk\/?post_type=product&#038;p=64"},"modified":"2025-07-21T11:39:48","modified_gmt":"2025-07-21T09:39:48","slug":"vw-kaefer-porsche-944-spreizschloss-adaptiert-fuer-handbremsseil","status":"publish","type":"product","link":"https:\/\/fahrwerke.com\/fdk\/produkt\/vw-kaefer-porsche-944-spreizschloss-adaptiert-fuer-handbremsseil\/","title":{"rendered":"VW K\u00c4FER PORSCHE 944 Spreizschlo\u00df adaptiert f\u00fcr Handbremsseil"},"content":{"rendered":"<p>Spreizschloss \/ Expander zur Verwendung der originalen VW K\u00e4fer Handbremsseile an den Handbremsbacken vom Porsche 924 Turbo, 944, 944 Turbo, 944 S2 uvm.. Handgefertigt &#8211; galvanisch blau verzinkt.<\/p>\n<p>Lieferumfang 1 Paar ( 2 St\u00fcck )<\/p>\n","protected":false},"excerpt":{"rendered":"<p>Spreizschloss \/ Expander zur Verwendung der originalen VW K\u00e4fer Handbremsseile an den Handbremsbacken vom Porsche 924 Turbo, 944, 944 Turbo, 944 S2 uvm.. Handgefertigt &#8211; galvanisch blau verzinkt. Lieferumfang 1 [&hellip;]<\/p>\n","protected":false},"featured_media":65,"comment_status":"closed","ping_status":"closed","template":"","meta":{"advanced_seo_description":"","jetpack_seo_html_title":"","jetpack_seo_noindex":false},"product_brand":[21],"product_cat":[17],"product_tag":[],"class_list":{"0":"post-64","1":"product","2":"type-product","3":"status-publish","4":"has-post-thumbnail","6":"product_brand-21","7":"product_cat-bremsen","9":"first","10":"instock","11":"taxable","12":"shipping-taxable","13":"purchasable","14":"product-type-simple"},"jetpack_sharing_enabled":true,"_links":{"self":[{"href":"https:\/\/fahrwerke.com\/fdk\/wp-json\/wp\/v2\/product\/64","targetHints":{"allow":["GET"]}}],"collection":[{"href":"https:\/\/fahrwerke.com\/fdk\/wp-json\/wp\/v2\/product"}],"about":[{"href":"https:\/\/fahrwerke.com\/fdk\/wp-json\/wp\/v2\/types\/product"}],"replies":[{"embeddable":true,"href":"https:\/\/fahrwerke.com\/fdk\/wp-json\/wp\/v2\/comments?post=64"}],"wp:featuredmedia":[{"embeddable":true,"href":"https:\/\/fahrwerke.com\/fdk\/wp-json\/wp\/v2\/media\/65"}],"wp:attachment":[{"href":"https:\/\/fahrwerke.com\/fdk\/wp-json\/wp\/v2\/media?parent=64"}],"wp:term":[{"taxonomy":"product_brand","embeddable":true,"href":"https:\/\/fahrwerke.com\/fdk\/wp-json\/wp\/v2\/product_brand?post=64"},{"taxonomy":"product_cat","embeddable":true,"href":"https:\/\/fahrwerke.com\/fdk\/wp-json\/wp\/v2\/product_cat?post=64"},{"taxonomy":"product_tag","embeddable":true,"href":"https:\/\/fahrwerke.com\/fdk\/wp-json\/wp\/v2\/product_tag?post=64"}],"curies":[{"name":"wp","href":"https:\/\/api.w.org\/{rel}","templated":true}]}}