{"id":62,"date":"2025-05-26T19:41:58","date_gmt":"2025-05-26T17:41:58","guid":{"rendered":"https:\/\/fahrwerke.com\/fdk\/?post_type=product&#038;p=62"},"modified":"2025-11-16T19:40:55","modified_gmt":"2025-11-16T18:40:55","slug":"kaefer-mexico-spezial-zahnbogen","status":"publish","type":"product","link":"https:\/\/fahrwerke.com\/fdk\/produkt\/kaefer-mexico-spezial-zahnbogen\/","title":{"rendered":"spezieller Zahnbogen f\u00fcr Handbremse f\u00fcr VW K\u00e4fer Mexiko"},"content":{"rendered":"<p>Handbremsmechanik ausgeleiert?<br \/>\nErspart euch Gebastel oder gef\u00e4hrliches Schwei\u00dfen am Rahmentunnel.<br \/>\nVerhindert Abnutzung der Haltelasche am Rahmentunnel. Ist die Haltelasche bereits abgenutzt, wird dies mit diesem Zahnbogen behoben.<br \/>\nKr\u00e4ftiger und passgenauer im Handbremshebel als das Originalteil.<\/p>\n<p>Links der originale, rechts der optimierte Zahnbogen.<br \/>\nMexico-K\u00e4fer 95-&gt; und evtl. andere, Golf, LT, uvm.<br \/>\n(VW# 171 711 339 \/ ersetzt 175 711 339 &amp; 111 711 339A)<\/p>\n","protected":false},"excerpt":{"rendered":"<p>Handbremsmechanik ausgeleiert? Erspart euch Gebastel oder gef\u00e4hrliches Schwei\u00dfen am Rahmentunnel. Verhindert Abnutzung der Haltelasche am Rahmentunnel. Ist die Haltelasche bereits abgenutzt, wird dies mit diesem Zahnbogen behoben. Kr\u00e4ftiger und passgenauer [&hellip;]<\/p>\n","protected":false},"featured_media":63,"comment_status":"closed","ping_status":"closed","template":"","meta":{"advanced_seo_description":"","jetpack_seo_html_title":"","jetpack_seo_noindex":false},"product_brand":[21],"product_cat":[17],"product_tag":[51],"class_list":{"0":"post-62","1":"product","2":"type-product","3":"status-publish","4":"has-post-thumbnail","6":"product_brand-21","7":"product_cat-bremsen","8":"product_tag-kaefer-mexico-spezieller-zahnbogen-fuer-handbremse","10":"first","11":"instock","12":"taxable","13":"shipping-taxable","14":"purchasable","15":"product-type-simple"},"jetpack_sharing_enabled":true,"_links":{"self":[{"href":"https:\/\/fahrwerke.com\/fdk\/wp-json\/wp\/v2\/product\/62","targetHints":{"allow":["GET"]}}],"collection":[{"href":"https:\/\/fahrwerke.com\/fdk\/wp-json\/wp\/v2\/product"}],"about":[{"href":"https:\/\/fahrwerke.com\/fdk\/wp-json\/wp\/v2\/types\/product"}],"replies":[{"embeddable":true,"href":"https:\/\/fahrwerke.com\/fdk\/wp-json\/wp\/v2\/comments?post=62"}],"wp:featuredmedia":[{"embeddable":true,"href":"https:\/\/fahrwerke.com\/fdk\/wp-json\/wp\/v2\/media\/63"}],"wp:attachment":[{"href":"https:\/\/fahrwerke.com\/fdk\/wp-json\/wp\/v2\/media?parent=62"}],"wp:term":[{"taxonomy":"product_brand","embeddable":true,"href":"https:\/\/fahrwerke.com\/fdk\/wp-json\/wp\/v2\/product_brand?post=62"},{"taxonomy":"product_cat","embeddable":true,"href":"https:\/\/fahrwerke.com\/fdk\/wp-json\/wp\/v2\/product_cat?post=62"},{"taxonomy":"product_tag","embeddable":true,"href":"https:\/\/fahrwerke.com\/fdk\/wp-json\/wp\/v2\/product_tag?post=62"}],"curies":[{"name":"wp","href":"https:\/\/api.w.org\/{rel}","templated":true}]}}