{"id":60,"date":"2025-05-26T19:28:14","date_gmt":"2025-05-26T17:28:14","guid":{"rendered":"https:\/\/fahrwerke.com\/fdk\/?post_type=product&#038;p=60"},"modified":"2026-02-11T09:08:00","modified_gmt":"2026-02-11T08:08:00","slug":"lenkung-kaefer-schmale-achse","status":"publish","type":"product","link":"https:\/\/fahrwerke.com\/fdk\/produkt\/lenkung-kaefer-schmale-achse\/","title":{"rendered":"Zahnstangenlenkung VW K\u00e4fer \u2013 Umbausatz ohne Schwei\u00dfen, Version f\u00fcr schmale Achse"},"content":{"rendered":"<p>Die originale Lenkgeometrie bleibt erhalten \u2013 ohne Verlust des korrekten Spurdifferenzwinkels. Lenkansch\u00e4ge am Achsk\u00f6rper m\u00fcssen nicht entfernt werden. Somit bleibt ein R\u00fcckbau m\u00f6glich.<\/p>\n<p>Arbeiten an Lenkungsteilen erfordern spezielle Fachkenntnisse und F\u00e4higkeiten sowie Verst\u00e4ndnis der Lenkgeometrie und sollten durch eine erfahrene Fachwerkstatt oder einen erfahrenen KFZ-Mechaniker vorgenommen werden. Umbau und Technische Abnahme sind auch in unserer Partnerwerkstatt m\u00f6glich.<\/p>\n<p>Da oft auch weitere technische \u00c4nderungen vorgenommen wurden (z.B. Rad-\/Reifenkombination, Lenkrad, Tieferlegung, schmale Achse etc.), ist in Deutschland eine Technische Abnahme unter Ber\u00fccksichtigung der weiteren Umbauten nach StVZO \u00a719(2) vorgeschrieben. Es existiert ein T\u00dcV-Teilegutachten einer in bedeutenden Merkmalen \u00e4hnlichen fr\u00fchen Version, das als Vergleichsgutachten zur Technischen Abnahme mitgegeben werden kann. Zur Kl\u00e4rung mit einem KFZ-Sachverst\u00e4ndigen senden wir gern die Einbauanleitung vorab. Die Lenkung erf\u00fcllt die strengen Voraussetzungen der zeitgen\u00f6ssisch historischen Zulassung f\u00fcr Fahrzeuge mit EZ ab 09\/63 bzw. als sicherheitsrelevante Ausnahme.<\/p>\n","protected":false},"excerpt":{"rendered":"<p>F\u00fcr alle VW K\u00e4fer mit kurzem Vorderwagen und Karmann Ghia (Typ 14) ab 8\/65 mit 1&#8243; bis 3,9&#8243; schmalerer Achse \u2013 auch f\u00fcr VVA oder TAS<\/p>\n<ul>\n<li>Umbau ohne Schwei\u00dfarbeiten<\/li>\n<li><a href=\"https:\/\/fahrwerke.com\/fdk\/2026\/01\/10\/ansteuerung-der-vw-hupe-nach-baujahr\/\">Ansteuerung der Hupe<\/a> bleibt original, auch bei Lenks\u00e4ule mit isoliertem Lenkwellenlager<\/li>\n<li>Sicherheitsmerkmal der Lenks\u00e4ule bleibt<\/li>\n<li>Originaler korrekter Spurdifferenzwinkel bleibt<\/li>\n<li>Kabeldurchf\u00fchrung durch die Lenkwelle bleibt erhalten<\/li>\n<li>hochwertige <a href=\"https:\/\/fahrwerke.com\/fdk\/produkt\/spurstangenkopf-kaefer-zahnstangenlenkung\/\">Spurstangenk\u00f6pfe<\/a> im Lieferumfang (Lemf\u00f6rder\/Meyle\/Febi\/FAG)<\/li>\n<li>Lenks\u00e4ule durch zus\u00e4tzliches <a href=\"https:\/\/fahrwerke.com\/fdk\/produkt\/lenkwellenlager-kaefer-zahnstangenlenkung\/\">Lenkwellenlager<\/a> beidseitig gelagert<\/li>\n<\/ul>\n<p>Bei sehr schmaler Achse kann links die Verwendung eines Shock Relocator, wie beim Airride System verwendet, notwendig sein. Lieferumfang siehe Bild + detaillierte Anleitung + Schraubensicherung<br \/>\nHat die Lenks\u00e4ule deines VW ein isoliertes Lenkwellenlager? <a href=\"https:\/\/fahrwerke.com\/fdk\/2026\/01\/10\/ansteuerung-der-vw-hupe-nach-baujahr\/#circuit3\" target=\"_blank\" rel=\"noopener\">Info dazu siehe hier &#8230;<\/a><\/p>\n","protected":false},"featured_media":263,"comment_status":"closed","ping_status":"closed","template":"","meta":{"advanced_seo_description":"","jetpack_seo_html_title":"","jetpack_seo_noindex":false},"product_brand":[21],"product_cat":[19],"product_tag":[24],"class_list":{"0":"post-60","1":"product","2":"type-product","3":"status-publish","4":"has-post-thumbnail","6":"product_brand-21","7":"product_cat-lenkung","8":"product_tag-zahnstangenlenkung-vw-kaefer","9":"product_shipping_class-schwere-pakete","11":"first","12":"instock","13":"sold-individually","14":"taxable","15":"shipping-taxable","16":"purchasable","17":"product-type-variable"},"jetpack_sharing_enabled":false,"_links":{"self":[{"href":"https:\/\/fahrwerke.com\/fdk\/wp-json\/wp\/v2\/product\/60","targetHints":{"allow":["GET"]}}],"collection":[{"href":"https:\/\/fahrwerke.com\/fdk\/wp-json\/wp\/v2\/product"}],"about":[{"href":"https:\/\/fahrwerke.com\/fdk\/wp-json\/wp\/v2\/types\/product"}],"replies":[{"embeddable":true,"href":"https:\/\/fahrwerke.com\/fdk\/wp-json\/wp\/v2\/comments?post=60"}],"wp:featuredmedia":[{"embeddable":true,"href":"https:\/\/fahrwerke.com\/fdk\/wp-json\/wp\/v2\/media\/263"}],"wp:attachment":[{"href":"https:\/\/fahrwerke.com\/fdk\/wp-json\/wp\/v2\/media?parent=60"}],"wp:term":[{"taxonomy":"product_brand","embeddable":true,"href":"https:\/\/fahrwerke.com\/fdk\/wp-json\/wp\/v2\/product_brand?post=60"},{"taxonomy":"product_cat","embeddable":true,"href":"https:\/\/fahrwerke.com\/fdk\/wp-json\/wp\/v2\/product_cat?post=60"},{"taxonomy":"product_tag","embeddable":true,"href":"https:\/\/fahrwerke.com\/fdk\/wp-json\/wp\/v2\/product_tag?post=60"}],"curies":[{"name":"wp","href":"https:\/\/api.w.org\/{rel}","templated":true}]}}