{"id":58,"date":"2025-05-26T19:20:37","date_gmt":"2025-05-26T17:20:37","guid":{"rendered":"https:\/\/fahrwerke.com\/fdk\/?post_type=product&#038;p=58"},"modified":"2025-09-01T10:10:49","modified_gmt":"2025-09-01T08:10:49","slug":"paar-abreissschrauben-fuer-lenksaeule-porsche-u-a","status":"publish","type":"product","link":"https:\/\/fahrwerke.com\/fdk\/produkt\/paar-abreissschrauben-fuer-lenksaeule-porsche-u-a\/","title":{"rendered":"Abrei\u00dfschrauben M8x12 f\u00fcr Lenks\u00e4ule Porsche u.a."},"content":{"rendered":"<p>Abrei\u00dfschraube f\u00fcr die Lenks\u00e4ule, Gewinde M8, Gewinde-L\u00e4nge ca. 12,5 mm<\/p>\n<p>Lieferumfang 2 St\u00fcck<\/p>\n","protected":false},"excerpt":{"rendered":"<p>Abrei\u00dfschraube f\u00fcr die Lenks\u00e4ule, Gewinde M8, Gewinde-L\u00e4nge ca. 12,5 mm Lieferumfang 2 St\u00fcck<\/p>\n","protected":false},"featured_media":59,"comment_status":"closed","ping_status":"closed","template":"","meta":{"advanced_seo_description":"","jetpack_seo_html_title":"","jetpack_seo_noindex":false},"product_brand":[],"product_cat":[19],"product_tag":[],"class_list":{"0":"post-58","1":"product","2":"type-product","3":"status-publish","4":"has-post-thumbnail","6":"product_cat-lenkung","8":"first","9":"instock","10":"taxable","11":"shipping-taxable","12":"purchasable","13":"product-type-simple"},"jetpack_sharing_enabled":true,"_links":{"self":[{"href":"https:\/\/fahrwerke.com\/fdk\/wp-json\/wp\/v2\/product\/58","targetHints":{"allow":["GET"]}}],"collection":[{"href":"https:\/\/fahrwerke.com\/fdk\/wp-json\/wp\/v2\/product"}],"about":[{"href":"https:\/\/fahrwerke.com\/fdk\/wp-json\/wp\/v2\/types\/product"}],"replies":[{"embeddable":true,"href":"https:\/\/fahrwerke.com\/fdk\/wp-json\/wp\/v2\/comments?post=58"}],"wp:featuredmedia":[{"embeddable":true,"href":"https:\/\/fahrwerke.com\/fdk\/wp-json\/wp\/v2\/media\/59"}],"wp:attachment":[{"href":"https:\/\/fahrwerke.com\/fdk\/wp-json\/wp\/v2\/media?parent=58"}],"wp:term":[{"taxonomy":"product_brand","embeddable":true,"href":"https:\/\/fahrwerke.com\/fdk\/wp-json\/wp\/v2\/product_brand?post=58"},{"taxonomy":"product_cat","embeddable":true,"href":"https:\/\/fahrwerke.com\/fdk\/wp-json\/wp\/v2\/product_cat?post=58"},{"taxonomy":"product_tag","embeddable":true,"href":"https:\/\/fahrwerke.com\/fdk\/wp-json\/wp\/v2\/product_tag?post=58"}],"curies":[{"name":"wp","href":"https:\/\/api.w.org\/{rel}","templated":true}]}}