{"id":553,"date":"2025-11-15T13:05:54","date_gmt":"2025-11-15T12:05:54","guid":{"rendered":"https:\/\/fahrwerke.com\/fdk\/?post_type=product&#038;p=553"},"modified":"2025-11-15T17:55:12","modified_gmt":"2025-11-15T16:55:12","slug":"spurstangenkopf-kaefer-zahnstangenlenkung","status":"publish","type":"product","link":"https:\/\/fahrwerke.com\/fdk\/produkt\/spurstangenkopf-kaefer-zahnstangenlenkung\/","title":{"rendered":"Spurstangenkopf f\u00fcr VW K\u00e4fer mit FDK Zahnstangenlenkung"},"content":{"rendered":"<p>Hochwertiger Marken &#8211; Spurstangenkopf f\u00fcr unsere Zahnstangenlenkung<\/p>\n<p>Die Abbildungen zeigen Spurstangenk\u00f6pfe der unterschiedlichen Varianten (schmale oder originale Achse, kleiner oder gro\u00dfer Konus).<\/p>\n","protected":false},"excerpt":{"rendered":"<p>Spurstangenkopf passend f\u00fcr VW K\u00e4fer und Karmann Ghia (Typ 14) mit FDK Zahnstangenlenkung<\/p>\n","protected":false},"featured_media":554,"comment_status":"closed","ping_status":"closed","template":"","meta":{"advanced_seo_description":"","jetpack_seo_html_title":"","jetpack_seo_noindex":false},"product_brand":[],"product_cat":[19],"product_tag":[42],"class_list":{"0":"post-553","1":"product","2":"type-product","3":"status-publish","4":"has-post-thumbnail","6":"product_cat-lenkung","7":"product_tag-spurstangenkopf-kaefer-zahnstangenlenkung","9":"first","10":"instock","11":"taxable","12":"shipping-taxable","13":"purchasable","14":"product-type-variable"},"jetpack_sharing_enabled":false,"_links":{"self":[{"href":"https:\/\/fahrwerke.com\/fdk\/wp-json\/wp\/v2\/product\/553","targetHints":{"allow":["GET"]}}],"collection":[{"href":"https:\/\/fahrwerke.com\/fdk\/wp-json\/wp\/v2\/product"}],"about":[{"href":"https:\/\/fahrwerke.com\/fdk\/wp-json\/wp\/v2\/types\/product"}],"replies":[{"embeddable":true,"href":"https:\/\/fahrwerke.com\/fdk\/wp-json\/wp\/v2\/comments?post=553"}],"wp:featuredmedia":[{"embeddable":true,"href":"https:\/\/fahrwerke.com\/fdk\/wp-json\/wp\/v2\/media\/554"}],"wp:attachment":[{"href":"https:\/\/fahrwerke.com\/fdk\/wp-json\/wp\/v2\/media?parent=553"}],"wp:term":[{"taxonomy":"product_brand","embeddable":true,"href":"https:\/\/fahrwerke.com\/fdk\/wp-json\/wp\/v2\/product_brand?post=553"},{"taxonomy":"product_cat","embeddable":true,"href":"https:\/\/fahrwerke.com\/fdk\/wp-json\/wp\/v2\/product_cat?post=553"},{"taxonomy":"product_tag","embeddable":true,"href":"https:\/\/fahrwerke.com\/fdk\/wp-json\/wp\/v2\/product_tag?post=553"}],"curies":[{"name":"wp","href":"https:\/\/api.w.org\/{rel}","templated":true}]}}