{"id":550,"date":"2025-11-15T10:57:21","date_gmt":"2025-11-15T09:57:21","guid":{"rendered":"https:\/\/fahrwerke.com\/fdk\/?post_type=product&#038;p=550"},"modified":"2025-11-15T18:06:51","modified_gmt":"2025-11-15T17:06:51","slug":"lenkwellenlager-kaefer-zahnstangenlenkung","status":"publish","type":"product","link":"https:\/\/fahrwerke.com\/fdk\/produkt\/lenkwellenlager-kaefer-zahnstangenlenkung\/","title":{"rendered":"Lenkwellenlager unten f\u00fcr VW K\u00e4fer mit FDK Zahnstangenlenkung"},"content":{"rendered":"","protected":false},"excerpt":{"rendered":"<p>Unteres Lager f\u00fcr die Lenks\u00e4ule passend f\u00fcr K\u00e4fer und Karmann Ghia (Typ 14) mit FDK Zahnstangenlenkung<\/p>\n","protected":false},"featured_media":551,"comment_status":"closed","ping_status":"closed","template":"","meta":{"advanced_seo_description":"","jetpack_seo_html_title":"","jetpack_seo_noindex":false},"product_brand":[],"product_cat":[19],"product_tag":[45,50,44],"class_list":{"0":"post-550","1":"product","2":"type-product","3":"status-publish","4":"has-post-thumbnail","6":"product_cat-lenkung","7":"product_tag-lenkwellenlager-kaefer-zahnstangenlenkung","8":"product_tag-lenkwellenlager-karmann-ghia","9":"product_tag-lenkwellenlager-unten-kaefer-zahnstangenlenkung","11":"first","12":"instock","13":"sold-individually","14":"taxable","15":"shipping-taxable","16":"purchasable","17":"product-type-simple"},"jetpack_sharing_enabled":false,"_links":{"self":[{"href":"https:\/\/fahrwerke.com\/fdk\/wp-json\/wp\/v2\/product\/550","targetHints":{"allow":["GET"]}}],"collection":[{"href":"https:\/\/fahrwerke.com\/fdk\/wp-json\/wp\/v2\/product"}],"about":[{"href":"https:\/\/fahrwerke.com\/fdk\/wp-json\/wp\/v2\/types\/product"}],"replies":[{"embeddable":true,"href":"https:\/\/fahrwerke.com\/fdk\/wp-json\/wp\/v2\/comments?post=550"}],"wp:featuredmedia":[{"embeddable":true,"href":"https:\/\/fahrwerke.com\/fdk\/wp-json\/wp\/v2\/media\/551"}],"wp:attachment":[{"href":"https:\/\/fahrwerke.com\/fdk\/wp-json\/wp\/v2\/media?parent=550"}],"wp:term":[{"taxonomy":"product_brand","embeddable":true,"href":"https:\/\/fahrwerke.com\/fdk\/wp-json\/wp\/v2\/product_brand?post=550"},{"taxonomy":"product_cat","embeddable":true,"href":"https:\/\/fahrwerke.com\/fdk\/wp-json\/wp\/v2\/product_cat?post=550"},{"taxonomy":"product_tag","embeddable":true,"href":"https:\/\/fahrwerke.com\/fdk\/wp-json\/wp\/v2\/product_tag?post=550"}],"curies":[{"name":"wp","href":"https:\/\/api.w.org\/{rel}","templated":true}]}}