{"id":313,"date":"2025-06-12T18:24:29","date_gmt":"2025-06-12T16:24:29","guid":{"rendered":"https:\/\/fahrwerke.com\/fdk\/?post_type=product&#038;p=313"},"modified":"2025-07-21T11:30:38","modified_gmt":"2025-07-21T09:30:38","slug":"abreissschrauben-m8x16-linksgewinde","status":"publish","type":"product","link":"https:\/\/fahrwerke.com\/fdk\/produkt\/abreissschrauben-m8x16-linksgewinde\/","title":{"rendered":"Abrei\u00dfschrauben M8x16 Linksgewinde f\u00fcr Lenks\u00e4ule"},"content":{"rendered":"<p>Abrei\u00dfschraube f\u00fcr Lenks\u00e4ule, Gewinde M8 Links, Gewinde-L\u00e4nge ca. 15,5 mm<\/p>\n<p>Lieferumfang 2 St\u00fcck<\/p>\n","protected":false},"excerpt":{"rendered":"<p>Abrei\u00dfschraube f\u00fcr Lenks\u00e4ule, Gewinde M8 Links, Gewinde-L\u00e4nge ca. 15,5 mm Lieferumfang 2 St\u00fcck<\/p>\n","protected":false},"featured_media":315,"comment_status":"closed","ping_status":"closed","template":"","meta":{"advanced_seo_description":"","jetpack_seo_html_title":"","jetpack_seo_noindex":false},"product_brand":[],"product_cat":[19],"product_tag":[],"class_list":{"0":"post-313","1":"product","2":"type-product","3":"status-publish","4":"has-post-thumbnail","6":"product_cat-lenkung","8":"first","9":"instock","10":"taxable","11":"shipping-taxable","12":"purchasable","13":"product-type-simple"},"jetpack_sharing_enabled":true,"_links":{"self":[{"href":"https:\/\/fahrwerke.com\/fdk\/wp-json\/wp\/v2\/product\/313","targetHints":{"allow":["GET"]}}],"collection":[{"href":"https:\/\/fahrwerke.com\/fdk\/wp-json\/wp\/v2\/product"}],"about":[{"href":"https:\/\/fahrwerke.com\/fdk\/wp-json\/wp\/v2\/types\/product"}],"replies":[{"embeddable":true,"href":"https:\/\/fahrwerke.com\/fdk\/wp-json\/wp\/v2\/comments?post=313"}],"wp:featuredmedia":[{"embeddable":true,"href":"https:\/\/fahrwerke.com\/fdk\/wp-json\/wp\/v2\/media\/315"}],"wp:attachment":[{"href":"https:\/\/fahrwerke.com\/fdk\/wp-json\/wp\/v2\/media?parent=313"}],"wp:term":[{"taxonomy":"product_brand","embeddable":true,"href":"https:\/\/fahrwerke.com\/fdk\/wp-json\/wp\/v2\/product_brand?post=313"},{"taxonomy":"product_cat","embeddable":true,"href":"https:\/\/fahrwerke.com\/fdk\/wp-json\/wp\/v2\/product_cat?post=313"},{"taxonomy":"product_tag","embeddable":true,"href":"https:\/\/fahrwerke.com\/fdk\/wp-json\/wp\/v2\/product_tag?post=313"}],"curies":[{"name":"wp","href":"https:\/\/api.w.org\/{rel}","templated":true}]}}