{"id":250,"date":"2025-05-29T11:01:43","date_gmt":"2025-05-29T09:01:43","guid":{"rendered":"https:\/\/fahrwerke.com\/fdk\/?post_type=product&#038;p=250"},"modified":"2025-07-21T11:41:26","modified_gmt":"2025-07-21T09:41:26","slug":"typ-4-edelstahl-auspuff-flansche-set-selbstbau-fuer-o42-mm-rohr","status":"publish","type":"product","link":"https:\/\/fahrwerke.com\/fdk\/produkt\/typ-4-edelstahl-auspuff-flansche-set-selbstbau-fuer-o42-mm-rohr\/","title":{"rendered":"TYP 4 Edelstahl Auspuff Flansche Set Selbstbau *f\u00fcr \u00d842 mm Rohr"},"content":{"rendered":"<p>Zum Selbstbau des Schalld\u00e4mpfers aus Edelstahl komplettes Set Flansche f\u00fcr Typ4- Motor, massiv Edelstahl, 10mm stark, f\u00fcr Rohrdurchmesser (OD) 42mm.<br \/>\nKernl\u00f6cher 6,8; also entweder M8-Gewinde einschneiden oder auf 8 aufbohren &#8211; je nach Wunsch<\/p>\n","protected":false},"excerpt":{"rendered":"<p>Zum Selbstbau des Schalld\u00e4mpfers aus Edelstahl komplettes Set Flansche f\u00fcr Typ4- Motor, massiv Edelstahl, 10mm stark, f\u00fcr Rohrdurchmesser (OD) 42mm. Kernl\u00f6cher 6,8; also entweder M8-Gewinde einschneiden oder auf 8 aufbohren [&hellip;]<\/p>\n","protected":false},"featured_media":251,"comment_status":"closed","ping_status":"closed","template":"","meta":{"advanced_seo_description":"","jetpack_seo_html_title":"","jetpack_seo_noindex":false},"product_brand":[],"product_cat":[23],"product_tag":[],"class_list":{"0":"post-250","1":"product","2":"type-product","3":"status-publish","4":"has-post-thumbnail","6":"product_cat-abgasanlage","8":"first","9":"outofstock","10":"taxable","11":"shipping-taxable","12":"purchasable","13":"product-type-simple"},"jetpack_sharing_enabled":true,"_links":{"self":[{"href":"https:\/\/fahrwerke.com\/fdk\/wp-json\/wp\/v2\/product\/250","targetHints":{"allow":["GET"]}}],"collection":[{"href":"https:\/\/fahrwerke.com\/fdk\/wp-json\/wp\/v2\/product"}],"about":[{"href":"https:\/\/fahrwerke.com\/fdk\/wp-json\/wp\/v2\/types\/product"}],"replies":[{"embeddable":true,"href":"https:\/\/fahrwerke.com\/fdk\/wp-json\/wp\/v2\/comments?post=250"}],"wp:featuredmedia":[{"embeddable":true,"href":"https:\/\/fahrwerke.com\/fdk\/wp-json\/wp\/v2\/media\/251"}],"wp:attachment":[{"href":"https:\/\/fahrwerke.com\/fdk\/wp-json\/wp\/v2\/media?parent=250"}],"wp:term":[{"taxonomy":"product_brand","embeddable":true,"href":"https:\/\/fahrwerke.com\/fdk\/wp-json\/wp\/v2\/product_brand?post=250"},{"taxonomy":"product_cat","embeddable":true,"href":"https:\/\/fahrwerke.com\/fdk\/wp-json\/wp\/v2\/product_cat?post=250"},{"taxonomy":"product_tag","embeddable":true,"href":"https:\/\/fahrwerke.com\/fdk\/wp-json\/wp\/v2\/product_tag?post=250"}],"curies":[{"name":"wp","href":"https:\/\/api.w.org\/{rel}","templated":true}]}}