{"id":248,"date":"2025-05-29T10:44:16","date_gmt":"2025-05-29T08:44:16","guid":{"rendered":"https:\/\/fahrwerke.com\/fdk\/?post_type=product&#038;p=248"},"modified":"2025-07-21T11:42:59","modified_gmt":"2025-07-21T09:42:59","slug":"typ-4-edelstahl-auspuff-kruemmer-flansche-set-selbstbau","status":"publish","type":"product","link":"https:\/\/fahrwerke.com\/fdk\/produkt\/typ-4-edelstahl-auspuff-kruemmer-flansche-set-selbstbau\/","title":{"rendered":"TYP 4 Edelstahl Auspuff \/ Kr\u00fcmmer Flansche Set Selbstbau"},"content":{"rendered":"<p>Zum Selbstbau der Kr\u00fcmmer aus V2A (Edelstahl 1.4301)<br \/>\nDas Set beinhaltet 4 Flansche f\u00fcr f\u00fcr eckige Ausl\u00e4sse am Typ4- Motor und 2 Flansche zum Schalld\u00e4mpfer (Kernl\u00f6cher 6,8; also entweder M8-Gewinde einschneiden oder auf 8 aufbohren) , massiv Edelstahl, schwer und dick, f\u00fcr O.D. \u00d842 mm Rohr<\/p>\n","protected":false},"excerpt":{"rendered":"<p>Zum Selbstbau der Kr\u00fcmmer aus V2A (Edelstahl 1.4301) Das Set beinhaltet 4 Flansche f\u00fcr f\u00fcr eckige Ausl\u00e4sse am Typ4- Motor und 2 Flansche zum Schalld\u00e4mpfer (Kernl\u00f6cher 6,8; also entweder M8-Gewinde [&hellip;]<\/p>\n","protected":false},"featured_media":249,"comment_status":"closed","ping_status":"closed","template":"","meta":{"advanced_seo_description":"","jetpack_seo_html_title":"","jetpack_seo_noindex":false},"product_brand":[],"product_cat":[23],"product_tag":[],"class_list":{"0":"post-248","1":"product","2":"type-product","3":"status-publish","4":"has-post-thumbnail","6":"product_cat-abgasanlage","8":"first","9":"outofstock","10":"taxable","11":"shipping-taxable","12":"purchasable","13":"product-type-simple"},"jetpack_sharing_enabled":true,"_links":{"self":[{"href":"https:\/\/fahrwerke.com\/fdk\/wp-json\/wp\/v2\/product\/248","targetHints":{"allow":["GET"]}}],"collection":[{"href":"https:\/\/fahrwerke.com\/fdk\/wp-json\/wp\/v2\/product"}],"about":[{"href":"https:\/\/fahrwerke.com\/fdk\/wp-json\/wp\/v2\/types\/product"}],"replies":[{"embeddable":true,"href":"https:\/\/fahrwerke.com\/fdk\/wp-json\/wp\/v2\/comments?post=248"}],"wp:featuredmedia":[{"embeddable":true,"href":"https:\/\/fahrwerke.com\/fdk\/wp-json\/wp\/v2\/media\/249"}],"wp:attachment":[{"href":"https:\/\/fahrwerke.com\/fdk\/wp-json\/wp\/v2\/media?parent=248"}],"wp:term":[{"taxonomy":"product_brand","embeddable":true,"href":"https:\/\/fahrwerke.com\/fdk\/wp-json\/wp\/v2\/product_brand?post=248"},{"taxonomy":"product_cat","embeddable":true,"href":"https:\/\/fahrwerke.com\/fdk\/wp-json\/wp\/v2\/product_cat?post=248"},{"taxonomy":"product_tag","embeddable":true,"href":"https:\/\/fahrwerke.com\/fdk\/wp-json\/wp\/v2\/product_tag?post=248"}],"curies":[{"name":"wp","href":"https:\/\/api.w.org\/{rel}","templated":true}]}}