{"id":4,"date":"2025-05-26T14:03:54","date_gmt":"2025-05-26T12:03:54","guid":{"rendered":"https:\/\/fahrwerke.com\/fdk\/warenkorb\/"},"modified":"2025-05-28T17:55:46","modified_gmt":"2025-05-28T15:55:46","slug":"warenkorb","status":"publish","type":"page","link":"https:\/\/fahrwerke.com\/fdk\/warenkorb\/","title":{"rendered":"Warenkorb"},"content":{"rendered":"\n<div data-block-name=\"woocommerce\/cart\" class=\"wp-block-woocommerce-cart alignwide is-loading\">\n<div data-block-name=\"woocommerce\/filled-cart-block\" class=\"wp-block-woocommerce-filled-cart-block\">\n<div data-block-name=\"woocommerce\/cart-items-block\" class=\"wp-block-woocommerce-cart-items-block\">\n<div data-block-name=\"woocommerce\/cart-line-items-block\" class=\"wp-block-woocommerce-cart-line-items-block\"><\/div>\n\n\n\n<div data-block-name=\"woocommerce\/cart-cross-sells-block\" class=\"wp-block-woocommerce-cart-cross-sells-block\">\n<h2 class=\"wp-block-heading has-large-font-size\">Das interessiert dich vielleicht\u00a0\u2026<\/h2>\n\n\n\n<div data-block-name=\"woocommerce\/cart-cross-sells-products-block\" class=\"wp-block-woocommerce-cart-cross-sells-products-block\"><\/div>\n<\/div>\n<\/div>\n\n\n\n<div data-block-name=\"woocommerce\/cart-totals-block\" class=\"wp-block-woocommerce-cart-totals-block\">\n<div data-block-name=\"woocommerce\/cart-order-summary-block\" class=\"wp-block-woocommerce-cart-order-summary-block\">\n<div data-block-name=\"woocommerce\/cart-order-summary-heading-block\" class=\"wp-block-woocommerce-cart-order-summary-heading-block\"><\/div><div data-block-name=\"woocommerce\/cart-order-summary-coupon-form-block\" class=\"wp-block-woocommerce-cart-order-summary-coupon-form-block\"><\/div><div data-block-name=\"woocommerce\/cart-order-summary-totals-block\" class=\"wp-block-woocommerce-cart-order-summary-totals-block\">\n<div data-block-name=\"woocommerce\/cart-order-summary-subtotal-block\" class=\"wp-block-woocommerce-cart-order-summary-subtotal-block\"><\/div>\n<div data-block-name=\"woocommerce\/cart-order-summary-discount-block\" class=\"wp-block-woocommerce-cart-order-summary-discount-block\"><\/div>\n<div data-block-name=\"woocommerce\/cart-order-summary-fee-block\" class=\"wp-block-woocommerce-cart-order-summary-fee-block\"><\/div>\n<div data-block-name=\"woocommerce\/cart-order-summary-shipping-block\" class=\"wp-block-woocommerce-cart-order-summary-shipping-block\"><\/div>\n<div data-block-name=\"woocommerce\/cart-order-summary-taxes-block\" class=\"wp-block-woocommerce-cart-order-summary-taxes-block\"><\/div><\/div>\n<\/div>\n\n\n\n<div data-block-name=\"woocommerce\/cart-express-payment-block\" class=\"wp-block-woocommerce-cart-express-payment-block\"><\/div>\n\n\n\n<div data-block-name=\"woocommerce\/proceed-to-checkout-block\" class=\"wp-block-woocommerce-proceed-to-checkout-block\"><\/div>\n\n\n\n<div data-block-name=\"woocommerce\/cart-accepted-payment-methods-block\" class=\"wp-block-woocommerce-cart-accepted-payment-methods-block\"><\/div>\n<\/div>\n<\/div>\n\n\n\n<div data-block-name=\"woocommerce\/empty-cart-block\" class=\"wp-block-woocommerce-empty-cart-block\">\n<h2 class=\"wp-block-heading has-text-align-center with-empty-cart-icon wc-block-cart__empty-cart__title\">Dein Warenkorb ist gerade leer!<\/h2>\n\n\n\n<hr class=\"wp-block-separator has-alpha-channel-opacity is-style-dots\"\/>\n\n\n\n<h2 class=\"wp-block-heading has-text-align-center\">Neu im Shop<\/h2>\n\n\n<div data-block-name=\"woocommerce\/product-new\" data-columns=\"4\" data-rows=\"1\" class=\"wc-block-grid wp-block-product-new wp-block-woocommerce-product-new wc-block-product-new has-4-columns\"><ul class=\"wc-block-grid__products\"><li class=\"wc-block-grid__product\">\n\t\t\t\t<a href=\"https:\/\/fahrwerke.com\/fdk\/produkt\/rack-and-pinion-steering-for-vw-beetle-rhd-conversion-kit-without-welding\/\" class=\"wc-block-grid__product-link\">\n\t\t\t\t\t\n\t\t\t\t\t<div class=\"wc-block-grid__product-image\"><img loading=\"lazy\" decoding=\"async\" width=\"324\" height=\"324\" src=\"https:\/\/fahrwerke.com\/fdk\/wp-content\/uploads\/sites\/2\/2026\/03\/Screenshot-2026-03-28-at-17-51-53-Abstract-kommt-bald-Promo-Vorlage-mit-Pinselstreich-Effekt-Kostenlose-Vektor-324x324.png\" class=\"attachment-woocommerce_thumbnail size-woocommerce_thumbnail\" alt=\"Rack and pinion steering for VW Beetle RHD \u2013 conversion kit without welding\" srcset=\"https:\/\/fahrwerke.com\/fdk\/wp-content\/uploads\/sites\/2\/2026\/03\/Screenshot-2026-03-28-at-17-51-53-Abstract-kommt-bald-Promo-Vorlage-mit-Pinselstreich-Effekt-Kostenlose-Vektor-324x324.png 324w, https:\/\/fahrwerke.com\/fdk\/wp-content\/uploads\/sites\/2\/2026\/03\/Screenshot-2026-03-28-at-17-51-53-Abstract-kommt-bald-Promo-Vorlage-mit-Pinselstreich-Effekt-Kostenlose-Vektor-150x150.png 150w, https:\/\/fahrwerke.com\/fdk\/wp-content\/uploads\/sites\/2\/2026\/03\/Screenshot-2026-03-28-at-17-51-53-Abstract-kommt-bald-Promo-Vorlage-mit-Pinselstreich-Effekt-Kostenlose-Vektor-100x100.png 100w\" sizes=\"auto, (max-width: 324px) 100vw, 324px\" \/><\/div>\n\t\t\t\t\t<div class=\"wc-block-grid__product-title\">Rack and pinion steering for VW Beetle RHD \u2013 conversion kit without welding<\/div>\n\t\t\t\t<\/a>\n\t\t\t\t<div class=\"wc-block-grid__product-price price\"><span class=\"woocommerce-Price-amount amount\">1.349,00&nbsp;<span class=\"woocommerce-Price-currencySymbol\">&euro;<\/span><\/span><\/div>\n\t\t\t\t\n\t\t\t\t<div class=\"wp-block-button wc-block-grid__product-add-to-cart\"><a href=\"https:\/\/fahrwerke.com\/fdk\/produkt\/rack-and-pinion-steering-for-vw-beetle-rhd-conversion-kit-without-welding\/\" aria-label=\"W\u00e4hle Optionen f\u00fcr \u201eRack and pinion steering for VW Beetle RHD \u2013 conversion kit without welding\u201c\" data-quantity=\"1\" data-product_id=\"863\" data-product_sku=\"\" data-price=\"1349\" rel=\"nofollow\" class=\"wp-block-button__link  add_to_cart_button\">Ausf\u00fchrung w\u00e4hlen<\/a><\/div>\n\t\t\t<\/li><li class=\"wc-block-grid__product\">\n\t\t\t\t<a href=\"https:\/\/fahrwerke.com\/fdk\/produkt\/spurstangenkopf-kaefer-zahnstangenlenkung\/\" class=\"wc-block-grid__product-link\">\n\t\t\t\t\t\n\t\t\t\t\t<div class=\"wc-block-grid__product-image\"><img loading=\"lazy\" decoding=\"async\" width=\"324\" height=\"324\" src=\"https:\/\/fahrwerke.com\/fdk\/wp-content\/uploads\/sites\/2\/2025\/11\/Spurstangenkopf_gross_normal-324x324.png\" class=\"attachment-woocommerce_thumbnail size-woocommerce_thumbnail\" alt=\"Spurstangenkopf K\u00e4fer mit FDK Zahnstangenlenkung\" srcset=\"https:\/\/fahrwerke.com\/fdk\/wp-content\/uploads\/sites\/2\/2025\/11\/Spurstangenkopf_gross_normal-324x324.png 324w, https:\/\/fahrwerke.com\/fdk\/wp-content\/uploads\/sites\/2\/2025\/11\/Spurstangenkopf_gross_normal-150x150.png 150w, https:\/\/fahrwerke.com\/fdk\/wp-content\/uploads\/sites\/2\/2025\/11\/Spurstangenkopf_gross_normal-100x100.png 100w\" sizes=\"auto, (max-width: 324px) 100vw, 324px\" \/><\/div>\n\t\t\t\t\t<div class=\"wc-block-grid__product-title\">Spurstangenkopf f\u00fcr VW K\u00e4fer mit FDK Zahnstangenlenkung<\/div>\n\t\t\t\t<\/a>\n\t\t\t\t<div class=\"wc-block-grid__product-price price\"><span class=\"woocommerce-Price-amount amount\">26,50&nbsp;<span class=\"woocommerce-Price-currencySymbol\">&euro;<\/span><\/span><\/div>\n\t\t\t\t\n\t\t\t\t<div class=\"wp-block-button wc-block-grid__product-add-to-cart\"><a href=\"https:\/\/fahrwerke.com\/fdk\/produkt\/spurstangenkopf-kaefer-zahnstangenlenkung\/\" aria-label=\"W\u00e4hle Optionen f\u00fcr \u201eSpurstangenkopf f\u00fcr VW K\u00e4fer mit FDK Zahnstangenlenkung\u201c\" data-quantity=\"1\" data-product_id=\"553\" data-product_sku=\"\" data-price=\"26.5\" rel=\"nofollow\" class=\"wp-block-button__link  add_to_cart_button\">Ausf\u00fchrung w\u00e4hlen<\/a><\/div>\n\t\t\t<\/li><li class=\"wc-block-grid__product\">\n\t\t\t\t<a href=\"https:\/\/fahrwerke.com\/fdk\/produkt\/lenkwellenlager-kaefer-zahnstangenlenkung\/\" class=\"wc-block-grid__product-link\">\n\t\t\t\t\t\n\t\t\t\t\t<div class=\"wc-block-grid__product-image\"><img loading=\"lazy\" decoding=\"async\" width=\"324\" height=\"324\" src=\"https:\/\/fahrwerke.com\/fdk\/wp-content\/uploads\/sites\/2\/2025\/11\/IMG_20251115_104121_416-324x324.jpg\" class=\"attachment-woocommerce_thumbnail size-woocommerce_thumbnail\" alt=\"K\u00e4fer Lenkwellenlager\" srcset=\"https:\/\/fahrwerke.com\/fdk\/wp-content\/uploads\/sites\/2\/2025\/11\/IMG_20251115_104121_416-324x324.jpg 324w, https:\/\/fahrwerke.com\/fdk\/wp-content\/uploads\/sites\/2\/2025\/11\/IMG_20251115_104121_416-150x150.jpg 150w, https:\/\/fahrwerke.com\/fdk\/wp-content\/uploads\/sites\/2\/2025\/11\/IMG_20251115_104121_416-100x100.jpg 100w\" sizes=\"auto, (max-width: 324px) 100vw, 324px\" \/><\/div>\n\t\t\t\t\t<div class=\"wc-block-grid__product-title\">Lenkwellenlager unten f\u00fcr VW K\u00e4fer mit FDK Zahnstangenlenkung<\/div>\n\t\t\t\t<\/a>\n\t\t\t\t<div class=\"wc-block-grid__product-price price\"><span class=\"woocommerce-Price-amount amount\">7,98&nbsp;<span class=\"woocommerce-Price-currencySymbol\">&euro;<\/span><\/span><\/div>\n\t\t\t\t\n\t\t\t\t<div class=\"wp-block-button wc-block-grid__product-add-to-cart\"><a href=\"\/fdk\/wp-json\/wp\/v2\/pages\/4?add-to-cart=550\" aria-label=\"In den Warenkorb legen: \u201eLenkwellenlager unten f\u00fcr VW K\u00e4fer mit FDK Zahnstangenlenkung\u201c\" data-quantity=\"1\" data-product_id=\"550\" data-product_sku=\"\" data-price=\"7.98\" rel=\"nofollow\" class=\"wp-block-button__link  add_to_cart_button ajax_add_to_cart\">In den Warenkorb<\/a><\/div>\n\t\t\t<\/li><li class=\"wc-block-grid__product\">\n\t\t\t\t<a href=\"https:\/\/fahrwerke.com\/fdk\/produkt\/abreissschrauben-m8x16-linksgewinde\/\" class=\"wc-block-grid__product-link\">\n\t\t\t\t\t\n\t\t\t\t\t<div class=\"wc-block-grid__product-image\"><img loading=\"lazy\" decoding=\"async\" width=\"324\" height=\"324\" src=\"https:\/\/fahrwerke.com\/fdk\/wp-content\/uploads\/sites\/2\/2025\/06\/IMG_20250612_180821_238-324x324.jpg\" class=\"attachment-woocommerce_thumbnail size-woocommerce_thumbnail\" alt=\"Abrei\u00dfschraube Lenks\u00e4ule\" srcset=\"https:\/\/fahrwerke.com\/fdk\/wp-content\/uploads\/sites\/2\/2025\/06\/IMG_20250612_180821_238-324x324.jpg 324w, https:\/\/fahrwerke.com\/fdk\/wp-content\/uploads\/sites\/2\/2025\/06\/IMG_20250612_180821_238-150x150.jpg 150w, https:\/\/fahrwerke.com\/fdk\/wp-content\/uploads\/sites\/2\/2025\/06\/IMG_20250612_180821_238-100x100.jpg 100w\" sizes=\"auto, (max-width: 324px) 100vw, 324px\" \/><\/div>\n\t\t\t\t\t<div class=\"wc-block-grid__product-title\">Abrei\u00dfschrauben M8x16 Linksgewinde f\u00fcr Lenks\u00e4ule<\/div>\n\t\t\t\t<\/a>\n\t\t\t\t<div class=\"wc-block-grid__product-price price\"><span class=\"woocommerce-Price-amount amount\">8,00&nbsp;<span class=\"woocommerce-Price-currencySymbol\">&euro;<\/span><\/span><\/div>\n\t\t\t\t\n\t\t\t\t<div class=\"wp-block-button wc-block-grid__product-add-to-cart\"><a href=\"\/fdk\/wp-json\/wp\/v2\/pages\/4?add-to-cart=313\" aria-label=\"In den Warenkorb legen: \u201eAbrei\u00dfschrauben M8x16 Linksgewinde f\u00fcr Lenks\u00e4ule\u201c\" data-quantity=\"1\" data-product_id=\"313\" data-product_sku=\"\" data-price=\"8\" rel=\"nofollow\" class=\"wp-block-button__link  add_to_cart_button ajax_add_to_cart\">In den Warenkorb<\/a><\/div>\n\t\t\t<\/li><\/ul><\/div><\/div>\n<\/div>\n","protected":false},"excerpt":{"rendered":"","protected":false},"author":1,"featured_media":0,"parent":0,"menu_order":0,"comment_status":"closed","ping_status":"closed","template":"","meta":{"advanced_seo_description":"","jetpack_seo_html_title":"","jetpack_seo_noindex":false,"footnotes":""},"class_list":["post-4","page","type-page","status-publish","hentry"],"jetpack_sharing_enabled":true,"_links":{"self":[{"href":"https:\/\/fahrwerke.com\/fdk\/wp-json\/wp\/v2\/pages\/4","targetHints":{"allow":["GET"]}}],"collection":[{"href":"https:\/\/fahrwerke.com\/fdk\/wp-json\/wp\/v2\/pages"}],"about":[{"href":"https:\/\/fahrwerke.com\/fdk\/wp-json\/wp\/v2\/types\/page"}],"author":[{"embeddable":true,"href":"https:\/\/fahrwerke.com\/fdk\/wp-json\/wp\/v2\/users\/1"}],"replies":[{"embeddable":true,"href":"https:\/\/fahrwerke.com\/fdk\/wp-json\/wp\/v2\/comments?post=4"}],"version-history":[{"count":1,"href":"https:\/\/fahrwerke.com\/fdk\/wp-json\/wp\/v2\/pages\/4\/revisions"}],"predecessor-version":[{"id":224,"href":"https:\/\/fahrwerke.com\/fdk\/wp-json\/wp\/v2\/pages\/4\/revisions\/224"}],"wp:attachment":[{"href":"https:\/\/fahrwerke.com\/fdk\/wp-json\/wp\/v2\/media?parent=4"}],"curies":[{"name":"wp","href":"https:\/\/api.w.org\/{rel}","templated":true}]}}