{"id":213,"date":"2025-05-28T13:36:30","date_gmt":"2025-05-28T11:36:30","guid":{"rendered":"https:\/\/fahrwerke.com\/fdk\/?page_id=213"},"modified":"2025-06-21T06:32:47","modified_gmt":"2025-06-21T04:32:47","slug":"zahlungsarten","status":"publish","type":"page","link":"https:\/\/fahrwerke.com\/fdk\/zahlungsarten\/","title":{"rendered":"ZAHLUNGSARTEN"},"content":{"rendered":"\n<p>An Neukunden liefern wir nur gegen Vorauskasse.<\/p>\n\n\n\n<p>Sie zahlen Ihre Artikel und die Versandkosten im Voraus per Bank\u00fcberweisung. F\u00fcr sekundenschnelle Zahlung innerhalb der EU nutzen Sie gern auch die Echtzeit-\u00dcberweisungen(Instant Payment). Die Bankdaten erhalten Sie mit der Auftragsbest\u00e4tigung.<\/p>\n\n\n\n<p>Ihre Ware geht nach dem Zahlungseingang in den Versand. F\u00fcr speziell zusammengestellte oder angefertigte Artikel ben\u00f6tigen wir evtl. etwas l\u00e4nger. Bitte beachten Sie hierzu auch die bei dem jeweiligen Artikel angegebene Lieferzeit.<\/p>\n\n\n\n<p>Hintergrung zur ausschliesslich angeboteten Zahlungsweise per Vorkasse durch Bank\u00fcberweisung; Aufgrund sehr schlechter Erfahrungen mit anderen Zahlungssystemen erfolgt bei uns die Lieferung der Ware erst nach Zahlung per Vorkasse durch Bank\u00fcberweisung. Wir bitten um Verst\u00e4ndnis. Das ist sehr altmodisch, aber funktioniert f\u00fcr beide Parteien bestens.  In Einzelf\u00e4llen machen wir Ausnahmen, bitte nehmen Sie ggf. Kontakt zu uns auf.<\/p>\n\n\n\n<p>Wer die M\u00f6glichkeit der Zahlung \u00fcber PayPal oder dergleichen bevorzugt, findet die Artikel auch auf den \u00fcblichen Verkaufs-Plattformen.<\/p>\n","protected":false},"excerpt":{"rendered":"<p>An Neukunden liefern wir nur gegen Vorauskasse. Sie zahlen Ihre Artikel und die Versandkosten im Voraus per Bank\u00fcberweisung. F\u00fcr sekundenschnelle Zahlung innerhalb der EU nutzen Sie gern auch die Echtzeit-\u00dcberweisungen(Instant [&hellip;]<\/p>\n","protected":false},"author":1,"featured_media":0,"parent":0,"menu_order":0,"comment_status":"closed","ping_status":"closed","template":"","meta":{"advanced_seo_description":"","jetpack_seo_html_title":"","jetpack_seo_noindex":false,"footnotes":""},"class_list":["post-213","page","type-page","status-publish","hentry"],"jetpack_sharing_enabled":true,"_links":{"self":[{"href":"https:\/\/fahrwerke.com\/fdk\/wp-json\/wp\/v2\/pages\/213","targetHints":{"allow":["GET"]}}],"collection":[{"href":"https:\/\/fahrwerke.com\/fdk\/wp-json\/wp\/v2\/pages"}],"about":[{"href":"https:\/\/fahrwerke.com\/fdk\/wp-json\/wp\/v2\/types\/page"}],"author":[{"embeddable":true,"href":"https:\/\/fahrwerke.com\/fdk\/wp-json\/wp\/v2\/users\/1"}],"replies":[{"embeddable":true,"href":"https:\/\/fahrwerke.com\/fdk\/wp-json\/wp\/v2\/comments?post=213"}],"version-history":[{"count":9,"href":"https:\/\/fahrwerke.com\/fdk\/wp-json\/wp\/v2\/pages\/213\/revisions"}],"predecessor-version":[{"id":316,"href":"https:\/\/fahrwerke.com\/fdk\/wp-json\/wp\/v2\/pages\/213\/revisions\/316"}],"wp:attachment":[{"href":"https:\/\/fahrwerke.com\/fdk\/wp-json\/wp\/v2\/media?parent=213"}],"curies":[{"name":"wp","href":"https:\/\/api.w.org\/{rel}","templated":true}]}}