{"id":158,"date":"2025-05-28T08:34:46","date_gmt":"2025-05-28T06:34:46","guid":{"rendered":"https:\/\/fahrwerke.com\/fdk\/?page_id=158"},"modified":"2026-04-03T07:24:27","modified_gmt":"2026-04-03T05:24:27","slug":"impressum","status":"publish","type":"page","link":"https:\/\/fahrwerke.com\/fdk\/impressum\/","title":{"rendered":"IMPRESSUM"},"content":{"rendered":"<p>Angaben gem\u00e4\u00df \u00a7 5 TMG<br \/><br \/>FDK Shop ist ein Projekt der Firma.<br \/>NETANGO.DE c\/o Jens-U.Schreiber<br \/>Bauhof 6<br \/>17094 Burg Stargard<br \/>Kontakt:<br \/>Telefon: +49 (39603) Sieben Sieben 97-91 (09:00-12:00)<br \/>E-Mail: info [at] sportsuspension.com<br \/><strong>Haftungsausschluss:<\/strong><br \/><strong>Haftung f\u00fcr Inhalte<\/strong><br \/>Die Inhalte unserer Seiten wurden mit gr\u00f6\u00dfter Sorgfalt erstellt.<br \/>F\u00fcr die Richtigkeit, Vollst\u00e4ndigkeit und Aktualit\u00e4t der Inhalte k\u00f6nnen wir jedoch keine Gew\u00e4hr \u00fcbernehmen. Als Diensteanbieter sind wir gem\u00e4\u00df \u00a7 7 Abs.1 TMG f\u00fcr eigene Inhalte auf diesen Seiten nach den allgemeinen Gesetzen verantwortlich. Nach \u00a7\u00a7 8 bis 10 TMG sind wir als Diensteanbieter jedoch nicht verpflichtet, \u00fcbermittelte oder gespeicherte fremde Informationen zu \u00fcberwachen oder nach Umst\u00e4nden zu forschen, die auf eine rechtswidrige T\u00e4tigkeit hinweisen. Verpflichtungen zur Entfernung oder Sperrung der Nutzung von Informationen nach den allgemeinen Gesetzen bleiben hiervon unber\u00fchrt. Eine diesbez\u00fcgliche Haftung ist jedoch erst ab dem Zeitpunkt der Kenntnis einer konkreten Rechtsverletzung m\u00f6glich. Bei Bekanntwerden von entsprechenden Rechtsverletzungen werden wir diese Inhalte umgehend entfernen.<br \/><br \/><strong>Haftung f\u00fcr Links<\/strong><br \/>Unser Angebot enth\u00e4lt Links zu externen Webseiten Dritter, auf deren Inhalte wir keinen Einfluss haben. Deshalb k\u00f6nnen wir f\u00fcr diese fremden Inhalte auch keine Gew\u00e4hr \u00fcbernehmen. F\u00fcr die Inhalte der verlinkten Seiten ist stets der jeweilige Anbieter oder Betreiber der Seiten verantwortlich. Die verlinkten Seiten wurden zum Zeitpunkt der Verlinkung auf m\u00f6gliche Rechtsverst\u00f6\u00dfe \u00fcberpr\u00fcft. Rechtswidrige Inhalte waren zum Zeitpunkt der Verlinkung nicht erkennbar. Eine permanente inhaltliche Kontrolle der verlinkten Seiten ist jedoch ohne konkrete Anhaltspunkte einer Rechtsverletzung nicht zumutbar. Bei Bekanntwerden von Rechtsverletzungen werden wir derartige Links umgehend entfernen.<br \/><br \/><strong>Urheberrecht<\/strong><br \/>Die durch die Seitenbetreiber erstellten Inhalte und Werke auf diesen Seiten unterliegen dem deutschen Urheberrecht. Die Vervielf\u00e4ltigung, Bearbeitung, Verbreitung und jede Art der Verwertung au\u00dferhalb der Grenzen des Urheberrechtes bed\u00fcrfen der schriftlichen Zustimmung des jeweiligen Autors bzw. Erstellers. Downloads und Kopien dieser Seite sind nur f\u00fcr den privaten, nicht kommerziellen Gebrauch gestattet. Soweit die Inhalte auf dieser Seite nicht vom Betreiber erstellt wurden, werden die Urheberrechte Dritter beachtet. Insbesondere werden Inhalte Dritter als solche gekennzeichnet. Sollten Sie trotzdem auf eine Urheberrechtsverletzung aufmerksam werden, bitten wir um einen entsprechenden Hinweis. Bei Bekanntwerden von Rechtsverletzungen werden wir derartige Inhalte umgehend entfernen.<br \/><br \/><strong>Datenschutzerkl\u00e4rung<\/strong><br \/>Verantwortliche Stelle im Sinne der Datenschutzgesetze, insbesondere der EU-Datenschutzgrundverordnung (DSGVO), ist: J.-U. Schreiber, Bauhof 6, 17094 Burg Stargard Deutschland, E-Mail: info [at] sportsuspension.com. Jede betroffene Person kann sich jederzeit bei allen Fragen und Anregungen zum Datenschutz direkt an den Datenschutzverantwortlichen wenden.<br \/><br \/><strong>Ihre Betroffenenrechte<\/strong><br \/>Unter den angegebenen Kontaktdaten unseres Datenschutzbeauftragten k\u00f6nnen Sie jederzeit folgende Rechte aus\u00fcben:<br \/>Auskunft \u00fcber Ihre bei uns gespeicherten Daten und deren Verarbeitung, Berichtigung unrichtiger personenbezogener Daten,L\u00f6schung Ihrer bei uns gespeicherten Daten,Einschr\u00e4nkung der Datenverarbeitung, sofern wir Ihre Daten aufgrund gesetzlicher Pflichten noch nicht l\u00f6schen d\u00fcrfen, Widerspruch gegen die Verarbeitung Ihrer Daten bei uns und Daten\u00fcbertragbarkeit, sofern Sie in die Datenverarbeitung eingewilligt haben oder einen Vertrag mit uns abgeschlo\u00dfen haben.<br \/>Sofern Sie uns eine Einwilligung erteilt haben, k\u00f6nnen Sie diese jederzeit mit Wirkung f\u00fcr die Zukunft widerrufen. Sie k\u00f6nnen sich jederzeit mit einer Beschwerde an die f\u00fcr Sie zust\u00e4ndige Aufsichtsbeh\u00f6rde wenden. Ihre zust\u00e4ndige Aufsichtsbeh\u00f6rde richtet sich nach dem Bundesland Ihres Wohnsitzes, Ihrer Arbeit oder der mutma\u00dflichen Verletzung. Eine Liste der Aufsichtsbeh\u00f6rden (f\u00fcr den nicht\u00f6ffentlichen Bereich) mit Anschrift finden Sie unter: https:\/\/www.bfdi.bund.de\/DE\/Infothek\/Anschriften_Links\/anschriften_links-node.html.<br \/><br \/><strong>Zwecke der Datenverarbeitung durch die verantwortliche Stelle und Dritte<\/strong><br \/>Wir verarbeiten Ihre personenbezogenen Daten nur zu den in dieser Datenschutzerkl\u00e4rung genannten Zwecken. Eine \u00fcbermittlung Ihrer pers\u00f6nlichen Daten an Dritte zu anderen als den genannten Zwecken findet nicht statt. Wir geben Ihre pers\u00f6nlichen Daten nur an Dritte weiter, wenn:<br \/>Sie Ihre ausdr\u00fcckliche Einwilligung dazu erteilt haben,die Verarbeitung zur Abwicklung eines Vertrags mit Ihnen erforderlich ist,die Verarbeitung zur Erf\u00fcllung einer rechtlichen Verpflichtung erforderlich ist,die Verarbeitung zur Wahrung berechtigter Intere\u00dfen erforderlich ist und kein Grund zur Annahme besteht, da\u00df Sie ein \u00fcberwiegendes schutzw\u00fcrdiges Intere\u00dfe an der Nichtweitergabe Ihrer Daten haben.<br \/><br \/><strong>L\u00f6schung bzw. Sperrung der Daten<\/strong><br \/>Wir halten uns an die Grunds\u00e4tze der Datenvermeidung und Datensparsamkeit. Wir speichern Ihre personenbezogenen Daten daher nur so lange, wie dies zur Erreichung der hier genannten Zwecke erforderlich ist oder wie es die vom Gesetzgeber vorgesehenen vielf\u00e4ltigen Speicherfristen vorsehen. Nach Fortfall des jeweiligen Zweckes bzw. Ablauf dieser Fristen werden die entsprechenden Daten routinem\u00e4\u00dfig und entsprechend den gesetzlichen Vorschriften gesperrt oder gel\u00f6scht.<br \/><br \/><strong>Cookies<\/strong><br \/>Wie viele andere Webseiten verwenden wir auch so genannte Cookies. Cookies sind kleine Textdateien, die von einem Websiteserver auf Ihre Festplatte \u00fcbertragen werden. Hierdurch erhalten wir automatisch bestimmte Daten wie z. B. IP-Adre\u00dfe, verwendeter Browser, Betrieb\u00dfystem und Ihre Verbindung zum Internet. Cookies k\u00f6nnen nicht verwendet werden, um Programme zu starten oder Viren auf einen Computer zu \u00fcbertragen. Anhand der in Cookies enthaltenen Informationen k\u00f6nnen wir Ihnen die Navigation erleichtern und die korrekte Anzeige unserer Webseiten erm\u00f6glichen. In keinem Fall werden die von uns erfa\u00dften Daten an Dritte weitergegeben oder ohne Ihre Einwilligung eine Verkn\u00fcpfung mit personenbezogenen Daten hergestellt. Nat\u00fcrlich k\u00f6nnen Sie unsere Website grunds\u00e4tzlich auch ohne Cookies betrachten. Internet-Browser sind regelm\u00e4\u00dfig so eingestellt, da\u00df sie Cookies akzeptieren. Im Allgemeinen k\u00f6nnen Sie die Verwendung von Cookies jederzeit \u00fcber die Einstellungen Ihres Browsers deaktivieren. Bitte verwenden Sie die Hilfefunktionen Ihres Internetbrowsers, um zu erfahren, wie Sie diese Einstellungen \u00e4ndern k\u00f6nnen. Bitte beachten Sie, da\u00df einzelne Funktionen unserer Website m\u00f6glicherweise nicht funktionieren, wenn Sie die Verwendung von Cookies deaktiviert haben.<br \/><br \/><strong>Kontaktformular<\/strong><br \/>Treten Sie bzgl. Fragen jeglicher Art per E-Mail oder Kontaktformular mit uns in Kontakt, erteilen Sie uns zum Zwecke der Kontaktaufnahme Ihre freiwillige Einwilligung. Hierf\u00fcr ist die Angabe einer validen E-Mail-Adre\u00dfe erforderlich. Diese dient der Zuordnung der Anfrage und der anschlie\u00dfenden Beantwortung derselben. Die Angabe weiterer Daten ist optional. Die von Ihnen gemachten Angaben werden zum Zwecke der Bearbeitung der Anfrage sowie f\u00fcr m\u00f6gliche Anschlu\u00dffragen gespeichert. Nach Erledigung der von Ihnen gestellten Anfrage werden personenbezogene Daten automatisch gel\u00f6scht.<br \/><br \/><strong>\u00c4nderung unserer Datenschutzbestimmungen<\/strong><br \/>Wir behalten uns vor, diese Datenschutzerkl\u00e4rung anzupa\u00dfen, damit sie stets den aktuellen rechtlichen Anforderungen entspricht oder um \u00e4nderungen unserer Leistungen in der Datenschutzerkl\u00e4rung umzusetzen, z.B. bei der Einf\u00fchrung neuer Services. F\u00fcr Ihren erneuten Besuch gilt dann die neue Datenschutzerkl\u00e4rung.<br \/><br \/><strong>Alternative Dispute Resolution in accordance with Art. 14 (1) ODR-VO and \u00a7 36 VSBG:<\/strong><br \/>Die Europ\u00e4ische Kommission stellt eine Plattform zur Online-Streitbeilegung (OS) bereit, die du unter https:\/\/ec.europa.eu\/consumers\/odr findest. Zur Teilnahme an einem Streitbeilegungsverfahren vor einer Verbraucherschlichtungsstelle sind wir nicht verpflichtet und nicht bereit.<\/p>\n\n\n<p><\/p>\n","protected":false},"excerpt":{"rendered":"<p>Angaben gem\u00e4\u00df \u00a7 5 TMG FDK Shop ist ein Projekt der Firma.NETANGO.DE c\/o Jens-U.SchreiberBauhof 617094 Burg StargardKontakt:Telefon: +49 (39603) Sieben Sieben 97-91 (09:00-12:00)E-Mail: info [at] sportsuspension.comHaftungsausschluss:Haftung f\u00fcr InhalteDie Inhalte unserer [&hellip;]<\/p>\n","protected":false},"author":1,"featured_media":0,"parent":0,"menu_order":0,"comment_status":"closed","ping_status":"closed","template":"","meta":{"advanced_seo_description":"","jetpack_seo_html_title":"","jetpack_seo_noindex":false,"footnotes":""},"class_list":["post-158","page","type-page","status-publish","hentry"],"jetpack_sharing_enabled":true,"_links":{"self":[{"href":"https:\/\/fahrwerke.com\/fdk\/wp-json\/wp\/v2\/pages\/158","targetHints":{"allow":["GET"]}}],"collection":[{"href":"https:\/\/fahrwerke.com\/fdk\/wp-json\/wp\/v2\/pages"}],"about":[{"href":"https:\/\/fahrwerke.com\/fdk\/wp-json\/wp\/v2\/types\/page"}],"author":[{"embeddable":true,"href":"https:\/\/fahrwerke.com\/fdk\/wp-json\/wp\/v2\/users\/1"}],"replies":[{"embeddable":true,"href":"https:\/\/fahrwerke.com\/fdk\/wp-json\/wp\/v2\/comments?post=158"}],"version-history":[{"count":18,"href":"https:\/\/fahrwerke.com\/fdk\/wp-json\/wp\/v2\/pages\/158\/revisions"}],"predecessor-version":[{"id":874,"href":"https:\/\/fahrwerke.com\/fdk\/wp-json\/wp\/v2\/pages\/158\/revisions\/874"}],"wp:attachment":[{"href":"https:\/\/fahrwerke.com\/fdk\/wp-json\/wp\/v2\/media?parent=158"}],"curies":[{"name":"wp","href":"https:\/\/api.w.org\/{rel}","templated":true}]}}